{"id":106,"date":"2022-02-22T20:25:17","date_gmt":"2022-02-22T20:25:17","guid":{"rendered":"http:\/\/www.bolnica-rovinj.hr\/ortopedija-i-traumatologija\/"},"modified":"2026-03-04T17:30:46","modified_gmt":"2026-03-04T17:30:46","slug":"ortopedija-i-traumatologija","status":"publish","type":"page","link":"https:\/\/www.bolnica-rovinj.hr\/en\/djelatnosti\/ortopedija-i-traumatologija\/","title":{"rendered":"Orthopedics and traumatology"},"content":{"rendered":"","protected":false},"excerpt":{"rendered":"","protected":false},"author":1,"featured_media":0,"parent":19,"menu_order":43,"comment_status":"open","ping_status":"closed","template":"","meta":{"_seopress_robots_primary_cat":"","_seopress_titles_title":"","_seopress_titles_desc":"Specijalna bolnica Rovinj pru\u017ea usluge lije\u010denja bolesti i ozljeda lokomotornog sustava uklju\u010duju\u0107i specijalisti\u010dke preglede i dijagnostiku.","_seopress_robots_index":"","footnotes":""},"folder":[],"class_list":["post-106","page","type-page","status-publish","hentry"],"_links":{"self":[{"href":"https:\/\/www.bolnica-rovinj.hr\/en\/wp-json\/wp\/v2\/pages\/106","targetHints":{"allow":["GET"]}}],"collection":[{"href":"https:\/\/www.bolnica-rovinj.hr\/en\/wp-json\/wp\/v2\/pages"}],"about":[{"href":"https:\/\/www.bolnica-rovinj.hr\/en\/wp-json\/wp\/v2\/types\/page"}],"author":[{"embeddable":true,"href":"https:\/\/www.bolnica-rovinj.hr\/en\/wp-json\/wp\/v2\/users\/1"}],"replies":[{"embeddable":true,"href":"https:\/\/www.bolnica-rovinj.hr\/en\/wp-json\/wp\/v2\/comments?post=106"}],"version-history":[{"count":1,"href":"https:\/\/www.bolnica-rovinj.hr\/en\/wp-json\/wp\/v2\/pages\/106\/revisions"}],"predecessor-version":[{"id":108,"href":"https:\/\/www.bolnica-rovinj.hr\/en\/wp-json\/wp\/v2\/pages\/106\/revisions\/108"}],"up":[{"embeddable":true,"href":"https:\/\/www.bolnica-rovinj.hr\/en\/wp-json\/wp\/v2\/pages\/19"}],"wp:attachment":[{"href":"https:\/\/www.bolnica-rovinj.hr\/en\/wp-json\/wp\/v2\/media?parent=106"}],"wp:term":[{"taxonomy":"folder","embeddable":true,"href":"https:\/\/www.bolnica-rovinj.hr\/en\/wp-json\/wp\/v2\/folder?post=106"}],"curies":[{"name":"wp","href":"https:\/\/api.w.org\/{rel}","templated":true}]}}