{"id":112,"date":"2022-02-22T20:25:54","date_gmt":"2022-02-22T20:25:17","guid":{"rendered":"http:\/\/www.bolnica-rovinj.hr\/tim-za-ranu-intervenciju\/"},"modified":"2026-03-04T17:30:47","modified_gmt":"2026-03-04T17:30:47","slug":"rana-intervencija","status":"publish","type":"page","link":"https:\/\/www.bolnica-rovinj.hr\/en\/djelatnosti\/rana-intervencija\/","title":{"rendered":"Early intervention"},"content":{"rendered":"","protected":false},"excerpt":{"rendered":"","protected":false},"author":1,"featured_media":0,"parent":19,"menu_order":45,"comment_status":"open","ping_status":"closed","template":"","meta":{"_seopress_robots_primary_cat":"","_seopress_titles_title":"","_seopress_titles_desc":"Rana intervencija obuhva\u0107a proces informiranja, savjetovanja, edukacije i podr\u0161ke djeci koja imaju te\u0161ko\u0107e u razvoju ili kod koje postoji faktor rizika za razvojno odstupanje, uslijed biolo\u0161kih ili okoli\u0161nih faktora.","_seopress_robots_index":"","footnotes":""},"folder":[],"class_list":["post-112","page","type-page","status-publish","hentry"],"_links":{"self":[{"href":"https:\/\/www.bolnica-rovinj.hr\/en\/wp-json\/wp\/v2\/pages\/112","targetHints":{"allow":["GET"]}}],"collection":[{"href":"https:\/\/www.bolnica-rovinj.hr\/en\/wp-json\/wp\/v2\/pages"}],"about":[{"href":"https:\/\/www.bolnica-rovinj.hr\/en\/wp-json\/wp\/v2\/types\/page"}],"author":[{"embeddable":true,"href":"https:\/\/www.bolnica-rovinj.hr\/en\/wp-json\/wp\/v2\/users\/1"}],"replies":[{"embeddable":true,"href":"https:\/\/www.bolnica-rovinj.hr\/en\/wp-json\/wp\/v2\/comments?post=112"}],"version-history":[{"count":2,"href":"https:\/\/www.bolnica-rovinj.hr\/en\/wp-json\/wp\/v2\/pages\/112\/revisions"}],"predecessor-version":[{"id":874,"href":"https:\/\/www.bolnica-rovinj.hr\/en\/wp-json\/wp\/v2\/pages\/112\/revisions\/874"}],"up":[{"embeddable":true,"href":"https:\/\/www.bolnica-rovinj.hr\/en\/wp-json\/wp\/v2\/pages\/19"}],"wp:attachment":[{"href":"https:\/\/www.bolnica-rovinj.hr\/en\/wp-json\/wp\/v2\/media?parent=112"}],"wp:term":[{"taxonomy":"folder","embeddable":true,"href":"https:\/\/www.bolnica-rovinj.hr\/en\/wp-json\/wp\/v2\/folder?post=112"}],"curies":[{"name":"wp","href":"https:\/\/api.w.org\/{rel}","templated":true}]}}