{"id":167,"date":"2022-02-22T21:29:43","date_gmt":"2022-02-22T21:29:43","guid":{"rendered":"http:\/\/www.bolnica-rovinj.hr\/prituzbe-pacijenata\/"},"modified":"2026-03-04T17:30:41","modified_gmt":"2026-03-04T17:30:41","slug":"prituzbe-pacijenata","status":"publish","type":"page","link":"https:\/\/www.bolnica-rovinj.hr\/en\/o-nama\/informacije-i-dokumenti\/prituzbe-pacijenata\/","title":{"rendered":"Patient complaints"},"content":{"rendered":"","protected":false},"excerpt":{"rendered":"","protected":false},"author":1,"featured_media":0,"parent":99,"menu_order":34,"comment_status":"open","ping_status":"closed","template":"","meta":{"_seopress_robots_primary_cat":"","_seopress_titles_title":"","_seopress_titles_desc":"Pritu\u017ebe pacijenata, na\u010dini podno\u0161enja pritu\u017ebi pacijenata, zabilje\u017eba pritu\u017ebe te rokovi za rje\u0161avanje pritu\u017ebe ili prigovora.","_seopress_robots_index":"","footnotes":""},"folder":[],"class_list":["post-167","page","type-page","status-publish","hentry"],"_links":{"self":[{"href":"https:\/\/www.bolnica-rovinj.hr\/en\/wp-json\/wp\/v2\/pages\/167","targetHints":{"allow":["GET"]}}],"collection":[{"href":"https:\/\/www.bolnica-rovinj.hr\/en\/wp-json\/wp\/v2\/pages"}],"about":[{"href":"https:\/\/www.bolnica-rovinj.hr\/en\/wp-json\/wp\/v2\/types\/page"}],"author":[{"embeddable":true,"href":"https:\/\/www.bolnica-rovinj.hr\/en\/wp-json\/wp\/v2\/users\/1"}],"replies":[{"embeddable":true,"href":"https:\/\/www.bolnica-rovinj.hr\/en\/wp-json\/wp\/v2\/comments?post=167"}],"version-history":[{"count":1,"href":"https:\/\/www.bolnica-rovinj.hr\/en\/wp-json\/wp\/v2\/pages\/167\/revisions"}],"predecessor-version":[{"id":169,"href":"https:\/\/www.bolnica-rovinj.hr\/en\/wp-json\/wp\/v2\/pages\/167\/revisions\/169"}],"up":[{"embeddable":true,"href":"https:\/\/www.bolnica-rovinj.hr\/en\/wp-json\/wp\/v2\/pages\/99"}],"wp:attachment":[{"href":"https:\/\/www.bolnica-rovinj.hr\/en\/wp-json\/wp\/v2\/media?parent=167"}],"wp:term":[{"taxonomy":"folder","embeddable":true,"href":"https:\/\/www.bolnica-rovinj.hr\/en\/wp-json\/wp\/v2\/folder?post=167"}],"curies":[{"name":"wp","href":"https:\/\/api.w.org\/{rel}","templated":true}]}}