{"id":43,"date":"2022-02-22T20:08:54","date_gmt":"2022-02-22T20:08:38","guid":{"rendered":"http:\/\/www.bolnica-rovinj.hr\/?page_id=43"},"modified":"2026-03-04T17:30:51","modified_gmt":"2026-03-04T17:30:51","slug":"smjestaj","status":"publish","type":"page","link":"https:\/\/www.bolnica-rovinj.hr\/en\/smjestaj\/","title":{"rendered":"Accommodation"},"content":{"rendered":"","protected":false},"excerpt":{"rendered":"","protected":false},"author":1,"featured_media":0,"parent":0,"menu_order":51,"comment_status":"open","ping_status":"closed","template":"","meta":{"_seopress_robots_primary_cat":"","_seopress_titles_title":"","_seopress_titles_desc":"Istra\u017eite ponudu smje\u0161taja u bolni\u010dkom kompleksu Bolnice \"Martin Horvat\" Rovinj-Rovigno. Od bolni\u010dkih soba, do apartmana te vile Villa Aurum.","_seopress_robots_index":"","footnotes":""},"folder":[],"class_list":["post-43","page","type-page","status-publish","hentry"],"_links":{"self":[{"href":"https:\/\/www.bolnica-rovinj.hr\/en\/wp-json\/wp\/v2\/pages\/43","targetHints":{"allow":["GET"]}}],"collection":[{"href":"https:\/\/www.bolnica-rovinj.hr\/en\/wp-json\/wp\/v2\/pages"}],"about":[{"href":"https:\/\/www.bolnica-rovinj.hr\/en\/wp-json\/wp\/v2\/types\/page"}],"author":[{"embeddable":true,"href":"https:\/\/www.bolnica-rovinj.hr\/en\/wp-json\/wp\/v2\/users\/1"}],"replies":[{"embeddable":true,"href":"https:\/\/www.bolnica-rovinj.hr\/en\/wp-json\/wp\/v2\/comments?post=43"}],"version-history":[{"count":1,"href":"https:\/\/www.bolnica-rovinj.hr\/en\/wp-json\/wp\/v2\/pages\/43\/revisions"}],"predecessor-version":[{"id":45,"href":"https:\/\/www.bolnica-rovinj.hr\/en\/wp-json\/wp\/v2\/pages\/43\/revisions\/45"}],"wp:attachment":[{"href":"https:\/\/www.bolnica-rovinj.hr\/en\/wp-json\/wp\/v2\/media?parent=43"}],"wp:term":[{"taxonomy":"folder","embeddable":true,"href":"https:\/\/www.bolnica-rovinj.hr\/en\/wp-json\/wp\/v2\/folder?post=43"}],"curies":[{"name":"wp","href":"https:\/\/api.w.org\/{rel}","templated":true}]}}