{"id":53,"date":"2022-02-22T20:09:53","date_gmt":"2022-02-22T20:09:53","guid":{"rendered":"http:\/\/www.bolnica-rovinj.hr\/sluzbe\/"},"modified":"2026-03-04T17:30:20","modified_gmt":"2026-03-04T17:30:20","slug":"sluzbe","status":"publish","type":"page","link":"https:\/\/www.bolnica-rovinj.hr\/en\/o-nama\/sluzbe\/","title":{"rendered":"Departments"},"content":{"rendered":"","protected":false},"excerpt":{"rendered":"","protected":false},"author":1,"featured_media":0,"parent":35,"menu_order":5,"comment_status":"open","ping_status":"closed","template":"","meta":{"_seopress_robots_primary_cat":"","_seopress_titles_title":"","_seopress_titles_desc":"Slu\u017ebe Specijalne bolnice za ortopediju i rehabilitaciju \"Martin Horvat\" Rovinj-Rovigno \u010dine ravnateljstvo, Slu\u017eba za ekonomsko-financijske poslove te Pravna slu\u017eba.","_seopress_robots_index":"","footnotes":""},"folder":[],"class_list":["post-53","page","type-page","status-publish","hentry"],"_links":{"self":[{"href":"https:\/\/www.bolnica-rovinj.hr\/en\/wp-json\/wp\/v2\/pages\/53","targetHints":{"allow":["GET"]}}],"collection":[{"href":"https:\/\/www.bolnica-rovinj.hr\/en\/wp-json\/wp\/v2\/pages"}],"about":[{"href":"https:\/\/www.bolnica-rovinj.hr\/en\/wp-json\/wp\/v2\/types\/page"}],"author":[{"embeddable":true,"href":"https:\/\/www.bolnica-rovinj.hr\/en\/wp-json\/wp\/v2\/users\/1"}],"replies":[{"embeddable":true,"href":"https:\/\/www.bolnica-rovinj.hr\/en\/wp-json\/wp\/v2\/comments?post=53"}],"version-history":[{"count":1,"href":"https:\/\/www.bolnica-rovinj.hr\/en\/wp-json\/wp\/v2\/pages\/53\/revisions"}],"predecessor-version":[{"id":55,"href":"https:\/\/www.bolnica-rovinj.hr\/en\/wp-json\/wp\/v2\/pages\/53\/revisions\/55"}],"up":[{"embeddable":true,"href":"https:\/\/www.bolnica-rovinj.hr\/en\/wp-json\/wp\/v2\/pages\/35"}],"wp:attachment":[{"href":"https:\/\/www.bolnica-rovinj.hr\/en\/wp-json\/wp\/v2\/media?parent=53"}],"wp:term":[{"taxonomy":"folder","embeddable":true,"href":"https:\/\/www.bolnica-rovinj.hr\/en\/wp-json\/wp\/v2\/folder?post=53"}],"curies":[{"name":"wp","href":"https:\/\/api.w.org\/{rel}","templated":true}]}}