{"id":56,"date":"2022-02-22T20:09:53","date_gmt":"2022-02-22T20:09:53","guid":{"rendered":"http:\/\/www.bolnica-rovinj.hr\/zaposljavanje\/"},"modified":"2026-03-04T17:30:19","modified_gmt":"2026-03-04T17:30:19","slug":"zaposljavanje","status":"publish","type":"page","link":"https:\/\/www.bolnica-rovinj.hr\/en\/o-nama\/zaposljavanje\/","title":{"rendered":"Employment"},"content":{"rendered":"","protected":false},"excerpt":{"rendered":"","protected":false},"author":1,"featured_media":0,"parent":35,"menu_order":4,"comment_status":"open","ping_status":"closed","template":"","meta":{"_seopress_robots_primary_cat":"","_seopress_titles_title":"","_seopress_titles_desc":"Pogledajte trenutno otvorene i pro\u0161le natje\u010daje za zapo\u0161ljavanje Specijalne bolnice \"Martin Horvat\" Rovinj-Rovigno.","_seopress_robots_index":"","footnotes":""},"folder":[],"class_list":["post-56","page","type-page","status-publish","hentry"],"_links":{"self":[{"href":"https:\/\/www.bolnica-rovinj.hr\/en\/wp-json\/wp\/v2\/pages\/56","targetHints":{"allow":["GET"]}}],"collection":[{"href":"https:\/\/www.bolnica-rovinj.hr\/en\/wp-json\/wp\/v2\/pages"}],"about":[{"href":"https:\/\/www.bolnica-rovinj.hr\/en\/wp-json\/wp\/v2\/types\/page"}],"author":[{"embeddable":true,"href":"https:\/\/www.bolnica-rovinj.hr\/en\/wp-json\/wp\/v2\/users\/1"}],"replies":[{"embeddable":true,"href":"https:\/\/www.bolnica-rovinj.hr\/en\/wp-json\/wp\/v2\/comments?post=56"}],"version-history":[{"count":1,"href":"https:\/\/www.bolnica-rovinj.hr\/en\/wp-json\/wp\/v2\/pages\/56\/revisions"}],"predecessor-version":[{"id":58,"href":"https:\/\/www.bolnica-rovinj.hr\/en\/wp-json\/wp\/v2\/pages\/56\/revisions\/58"}],"up":[{"embeddable":true,"href":"https:\/\/www.bolnica-rovinj.hr\/en\/wp-json\/wp\/v2\/pages\/35"}],"wp:attachment":[{"href":"https:\/\/www.bolnica-rovinj.hr\/en\/wp-json\/wp\/v2\/media?parent=56"}],"wp:term":[{"taxonomy":"folder","embeddable":true,"href":"https:\/\/www.bolnica-rovinj.hr\/en\/wp-json\/wp\/v2\/folder?post=56"}],"curies":[{"name":"wp","href":"https:\/\/api.w.org\/{rel}","templated":true}]}}